{"id":16,"date":"2023-04-05T10:25:48","date_gmt":"2023-04-05T08:25:48","guid":{"rendered":"http:\/\/bffshvg.cluster027.hosting.ovh.net\/?page_id=16"},"modified":"2023-04-06T12:03:18","modified_gmt":"2023-04-06T10:03:18","slug":"mentions-legales","status":"publish","type":"page","link":"https:\/\/expertisecrg.fr\/index.php\/mentions-legales\/","title":{"rendered":"Mentions l\u00e9gales"},"content":{"rendered":"\t\t<div data-elementor-type=\"wp-page\" data-elementor-id=\"16\" class=\"elementor elementor-16\">\n\t\t\t\t\t\t<section class=\"elementor-section elementor-top-section elementor-element elementor-element-efdb866 elementor-section-height-min-height elementor-section-stretched elementor-section-boxed elementor-section-height-default elementor-section-items-middle\" data-id=\"efdb866\" data-element_type=\"section\" data-settings=\"{&quot;stretch_section&quot;:&quot;section-stretched&quot;,&quot;background_background&quot;:&quot;classic&quot;}\">\n\t\t\t\t\t\t<div class=\"elementor-container elementor-column-gap-default\">\n\t\t\t\t\t<div class=\"elementor-column elementor-col-100 elementor-top-column elementor-element elementor-element-5907ebd\" data-id=\"5907ebd\" data-element_type=\"column\">\n\t\t\t<div class=\"elementor-widget-wrap elementor-element-populated\">\n\t\t\t\t\t\t<div class=\"elementor-element elementor-element-755a99e elementor-widget elementor-widget-heading\" data-id=\"755a99e\" data-element_type=\"widget\" data-widget_type=\"heading.default\">\n\t\t\t\t<div class=\"elementor-widget-container\">\n\t\t\t<h2 class=\"elementor-heading-title elementor-size-default\">MENTIONS LEGALES<\/h2>\t\t<\/div>\n\t\t\t\t<\/div>\n\t\t\t\t\t<\/div>\n\t\t<\/div>\n\t\t\t\t\t<\/div>\n\t\t<\/section>\n\t\t\t\t<section class=\"elementor-section elementor-top-section elementor-element elementor-element-7c4b031 elementor-section-boxed elementor-section-height-default elementor-section-height-default\" data-id=\"7c4b031\" data-element_type=\"section\">\n\t\t\t\t\t\t<div class=\"elementor-container elementor-column-gap-default\">\n\t\t\t\t\t<div class=\"elementor-column elementor-col-100 elementor-top-column elementor-element elementor-element-1b3e54b\" data-id=\"1b3e54b\" data-element_type=\"column\">\n\t\t\t<div class=\"elementor-widget-wrap elementor-element-populated\">\n\t\t\t\t\t\t<div class=\"elementor-element elementor-element-e8adc54 elementor-widget elementor-widget-spacer\" data-id=\"e8adc54\" data-element_type=\"widget\" data-widget_type=\"spacer.default\">\n\t\t\t\t<div class=\"elementor-widget-container\">\n\t\t\t\t\t<div class=\"elementor-spacer\">\n\t\t\t<div class=\"elementor-spacer-inner\"><\/div>\n\t\t<\/div>\n\t\t\t\t<\/div>\n\t\t\t\t<\/div>\n\t\t\t\t\t<\/div>\n\t\t<\/div>\n\t\t\t\t\t<\/div>\n\t\t<\/section>\n\t\t\t\t<section class=\"elementor-section elementor-top-section elementor-element elementor-element-76a0595 elementor-section-boxed elementor-section-height-default elementor-section-height-default\" data-id=\"76a0595\" data-element_type=\"section\">\n\t\t\t\t\t\t<div class=\"elementor-container elementor-column-gap-default\">\n\t\t\t\t\t<div class=\"elementor-column elementor-col-100 elementor-top-column elementor-element elementor-element-f0a9e3e\" data-id=\"f0a9e3e\" data-element_type=\"column\">\n\t\t\t<div class=\"elementor-widget-wrap elementor-element-populated\">\n\t\t\t\t\t\t<div class=\"elementor-element elementor-element-2c27ff6 elementor-widget elementor-widget-text-editor\" data-id=\"2c27ff6\" data-element_type=\"widget\" data-widget_type=\"text-editor.default\">\n\t\t\t\t<div class=\"elementor-widget-container\">\n\t\t\t\t\t\t\t<p>Conform\u00e9ment aux dispositions des articles 6-III et 19 de la Loi num\u00e9ro 2004-575 du 21 juin 2004 pour la Confiance dans l&rsquo;\u00e9conomie num\u00e9rique, dite L.C.E.N., nous portons \u00e0 la connaissance des visiteurs du site internet : expertisecrg.fr<br \/>Ces infos qui suivent :<\/p><p>\u00a0<\/p><p>1. <span style=\"text-decoration: underline;\">Bulletin l\u00e9gales<\/span> :<\/p><p>Le site web expertisecrg.fr est la propri\u00e9t\u00e9 exclusive de SAS Comptabilit\u00e9 R\u00e9vision Gestion, qui l&rsquo;\u00e9dite.<br \/>SAS Comptabilit\u00e9 R\u00e9vision Gestion &#8211; Num\u00e9ro de Tel : 02 35 73 05 08<br \/>95 All\u00e9e Alfred NOBEL 76230 Bois-Guillaume<br \/>Inscrite au RCS (Registre du Commerce et des Soci\u00e9t\u00e9s) au num\u00e9ro 38351582200047<br \/>N\u00b0TVA : FR20383515822<\/p><p>Mail : dpasquier@expertisecrg.fr<\/p><p>Le Concepteur du site web est : PASQUIER Dominique<br \/>Le Chef de la publication est : PASQUIER Dominique<br \/>Comment entrer en contact avec le D\u00e9cideur de publication : dpasquier@expertisecrg.fr<br \/>Le Webmaster est : FAHY Sylvain<br \/>Ou entrer en contact avec le Concepteur : contact@archi2i.fr<\/p><p>Hebergeur du site web :<\/p><p>OVH SAS<br \/>Immatriculation RCS Lille M\u00e9tropole 424 761 419 00045<br \/>Code APE (INSEE) 2620Z<br \/>N\u00b0 TVA : FR 22 424 761 419<br \/>Si\u00e8ge social : 2 rue Kellermann &#8211; 59100 Roubaix &#8211; France<\/p><p>\u00a0<\/p><p>2. <span style=\"text-decoration: underline;\">Pr\u00e9sentation<\/span> :<\/p><p>Tout internaute se connectant et utilisant le site internet : expertisecrg.fr est consid\u00e9r\u00e9 comme usag\u00e9e du site.<\/p><p>Le site suivant expertisecrg.fr regroupe un ensemble de services, en l&rsquo;\u00e9tat, disponible pour les usag\u00e9e. Il est pr\u00e9cis\u00e9 que ces derniers doivent rester honn\u00eate et faire preuve de bonne foi tant envers les diff\u00e9rents usag\u00e9s qu&rsquo;envers le Concepteur du site expertisecrg.fr. Le site expertisecrg.fr est actualis\u00e9 r\u00e9guli\u00e8rement par FAHY Sylvain.<\/p><p>PASQUIER Dominique s&rsquo;efforce d&rsquo;offrir sur le site expertisecrg.fr des informations les plus claires possibles (sous r\u00e9serve de modifications apport\u00e9es depuis leur mise en ligne), mais ne saurait affirmer l&rsquo;exactitude, la compl\u00e9tude et les informations diffus\u00e9es sur son site internet, qu&rsquo;elles soient de son fait ou du fait des tiers partenaires qui lui fournissent ces informations. En r\u00e9percussion, l&rsquo;utilisateur reconna\u00eet se servir des informations donn\u00e9es sous sa responsabilit\u00e9 exclusive.<\/p><p>\u00a0<\/p><p>3. <span style=\"text-decoration: underline;\">Accessibilit\u00e9<\/span> :<\/p><p>Le site suivant expertisecrg.fr est g\u00e9n\u00e9ralement accessible aux usag\u00e9s 24\/7, sauf en cas d&rsquo;interruption, pr\u00e9vu ou pas, pour les besoins de sa maintenance ou force majeure. En cas d&rsquo;impossibilit\u00e9 d&rsquo;acc\u00e8s au service, expertisecrg.fr s&rsquo;engage \u00e0 faire son maximum pour r\u00e9tablir l&rsquo;acc\u00e8s au site internet et s&rsquo;efforcera alors d&rsquo;informer pr\u00e9alablement aux utilisateurs les dates et heures de l&rsquo;interruption. N&rsquo;\u00e9tant subordonn\u00e9 qu&rsquo;\u00e0 une servitude de moyen, expertisecrg.fr ne pourrait \u00eatre d\u00e9sign\u00e9 pour responsable des soucis, peu importe la nature, r\u00e9sultant d&rsquo;une indisponibilit\u00e9 du service<\/p><p>\u00a0<\/p><p>4. <span style=\"text-decoration: underline;\">Propri\u00e9t\u00e9 intellectuelle<\/span> :<\/p><p>PASQUIER Dominique est le propri\u00e9taire unique de l&rsquo;int\u00e9gralit\u00e9 des droits de propri\u00e9t\u00e9 intellectuelle ou d\u00e9tient les droits d&rsquo;usage sur tous les \u00e9l\u00e9ments accessibles sur le site web, tant sur la structure que sur les articles et textes, , graphismes, ic\u00f4nes, bande sonore, logiciels etc\u2026<\/p><p>Toute reproduction totale ou partielle du site suivant expertisecrg.fr, affichage, modification, mis \u00e0 jour totalement ou partiellement de l&rsquo;un quelconque de ces \u00e9l\u00e9ments, peu importe le moyen ou la technique utilis\u00e9, est strictement interdite, sauf acceptation \u00e9crite pr\u00e9alable de PASQUIER Dominique, responsable du site internet \u00e0 l&#8217;email : dpasquier@expertisecrg.fr, \u00e0 d\u00e9faut elle sera consid\u00e9r\u00e9e comme constitutive d&rsquo;une contrefa\u00e7on et passible de poursuite conform\u00e9ment aux dispositions des articles L.335-2 et suivants du Code de Propri\u00e9t\u00e9 Intellectuelle.<\/p><p>Toute reproduction totale ou partielle du site expertisecrg.fr, repr\u00e9sentation, mis \u00e0 jour totale ou partielle de l&rsquo;un de ces \u00e9l\u00e9ments, peu importe le moyen ou la technique utilis\u00e9, est interdite, except\u00e9 autorisation \u00e9crite pr\u00e9alable de PASQUIER Dominique, propri\u00e9taire du site web \u00e0 cette adresse : dpasquier@expertisecrg.fr, \u00e0 d\u00e9faut elle sera d\u00e9sign\u00e9 comme constitutive d&rsquo;une contrefa\u00e7on et passible de poursuite d&rsquo;apr\u00e8s les dispositions des multiples articles L.335-2 et suivants du Code de Propri\u00e9t\u00e9 Intellectuelle.<\/p><p>\u00a0<\/p><p>5. <span style=\"text-decoration: underline;\">Liens hypertextes et cookies<\/span> :<\/p><p>Le site web expertisecrg.fr poss\u00e8de un certain nombre de URL hypertextes vers diff\u00e9rents sites (partenariats, sites sources etc) mis en place suite \u00e0 l&rsquo;autorisation de PASQUIER Dominique. N\u00e9anmoins, PASQUIER Dominique ne peut pas v\u00e9rifier l&rsquo;ensemble du contenu des diff\u00e9rents sites ainsi visit\u00e9s et d\u00e9cline donc l&rsquo;enti\u00e8re responsabilit\u00e9 de ce fait quand aux risques de contenus interdits.<\/p><p>L&rsquo;utilisateur est inform\u00e9 que au cours de ses navigation sur le site web expertisecrg.fr, un ou de multiples cookies sont susceptibles de s&rsquo;installer de fa\u00e7on automatique sur son pc via son logiciel de navigation. Un cookie c&rsquo;est un assemblage de donn\u00e9es informatique qui ne permettra pas de savoir qui l&rsquo;utilise, cependant qui r\u00e9pertorie des indications concernant la navigation de celui-ci sur le site interne.\u00a0<\/p><p>Le param\u00e9trage du programme de navigation permet de renseigner de la pr\u00e9sence de cookie et \u00e9ventuellement, de contester de la fa\u00e7on d\u00e9crite \u00e0 l&rsquo; adresse : www.expertisecrg.fr. L&rsquo;utilisateur \u00e0 la possibilit\u00e9 n\u00e9anmoins de r\u00e9gler le navigateur de son pc pour contester la mise en place des cookies, en sachant que le rebut d&rsquo;installation d&rsquo;un cookie peut potentiellement entra\u00eener l&rsquo;incapacit\u00e9 d&rsquo;avoir acc\u00e8s \u00e0 diff\u00e9rents services. Pour tout barrage de cookies, tapez dans un outil de recherche : blocage des cookies et appliquez les instructions en fonction de votre navigateur.<\/p><p>\u00a0<\/p><p>6. <span style=\"text-decoration: underline;\">Protection des biens et des personnes &#8211; Maniement des donn\u00e9es personnelles<\/span> :<\/p><p>En France, les donn\u00e9es personnelles sont par exemple prot\u00e9g\u00e9es par la loi n\u00b0 78-87 du 6 janvier 1978 et la loi n\u00b0 2004-801 du 6 ao\u00fbt 2004, l&rsquo;article L. 226-13 du Code p\u00e9nal ainsi que la Directive Europ\u00e9enne datant du 24 octobre 1995.<\/p><p>Sur le site expertisecrg.fr, PASQUIER Dominique ne aucune information personnelles ( suivant l&rsquo;article 4 loi n\u00b078-17 du 06 janvier 1978) concernant l&rsquo;utilisateur que pour la n\u00e9cessit\u00e9 de plusieurs services propos\u00e9s par le site expertisecrg.fr. L&rsquo;usager donne les donn\u00e9es en toute connaissance de cause, notamment quand il proc\u00e8de de lui-m\u00eame \u00e0 leur saisie. Il est alors r\u00e9sum\u00e9 \u00e0 l&rsquo;utilisateur du site expertisecrg.fr l&rsquo;obligation ou pas de mentionner ces informations.<\/p><p>En conformit\u00e9 avec les dispositions des articles 38 et suivants de la loi 78-17 du 6 janvier 1978 relative \u00e0 l&rsquo;informatique, aux fichiers et aux diff\u00e9rentes libert\u00e9s, n&rsquo;importe quel utilisateur poss\u00e8de un droit d&rsquo;acc\u00e8s aux informations, de rectification, de suppression et d&rsquo;opposition \u00e0 toutes les donn\u00e9es personnelles le concernant. Pour l&rsquo;utiliser, envoyez votre requ\u00eate \u00e0 expertisecrg.fr par mail : dpasquier@expertisecrg.fr ou via \u00e9crit d\u00fbment sign\u00e9e, accompagn\u00e9e d&rsquo;une copie du titre d&rsquo;identit\u00e9 ainsi qu&rsquo;une signature du titulaire de la pi\u00e8ce, en mentionnant l&rsquo;adresse \u00e0 laquelle une r\u00e9ponse doit \u00eatre envoy\u00e9e.<\/p><p>Sans information personnelle de l&rsquo;utilisateur du site web expertisecrg.fr ne sera publi\u00e9e \u00e0 l&rsquo;insu de l&rsquo;utilisateur, \u00e9chang\u00e9e, transf\u00e9r\u00e9e, vendue sur un support quelconque \u00e0 des tiers. Seule l&rsquo;hypoth\u00e8se de la vente du site web expertisecrg.fr et de tout ses droits en autorise PASQUIER Dominique \u00e0 c\u00e9der les dites informations personnelles \u00e0 l&rsquo;\u00e9ventuel acqu\u00e9reur qui serait donc \u00e0 son tour tenu\u00a0\u00e0 la m\u00eame obligation de conservation et de modification des donn\u00e9es concernant l&rsquo;utilisateur du site web expertisecrg.fr.<\/p><p>Le site web expertisecrg.fr est en conformit\u00e9 avec le RGPD voir notre politique RGPD Politique de confidentialit\u00e9.<\/p><p>Les bases de donn\u00e9es sont prot\u00e9g\u00e9es par les dispositions de la loi du 1er juillet 1998 transposant ainsi la directive 96\/9 du 11 mars 1996 concernant la protection juridique des bases de donn\u00e9es(BDD).<\/p><p>\u00a0<\/p>\t\t\t\t\t\t<\/div>\n\t\t\t\t<\/div>\n\t\t\t\t\t<\/div>\n\t\t<\/div>\n\t\t\t\t\t<\/div>\n\t\t<\/section>\n\t\t\t\t<\/div>\n\t\t","protected":false},"excerpt":{"rendered":"<p>MENTIONS LEGALES Conform\u00e9ment aux dispositions des articles 6-III et 19 de la Loi num\u00e9ro 2004-575 du 21 juin 2004 pour la Confiance dans l&rsquo;\u00e9conomie num\u00e9rique, dite L.C.E.N., nous portons \u00e0 la connaissance des visiteurs du site internet : expertisecrg.frCes infos qui suivent : \u00a0 1. Bulletin l\u00e9gales : Le site web expertisecrg.fr est la propri\u00e9t\u00e9 [&hellip;]<\/p>\n","protected":false},"author":1,"featured_media":0,"parent":0,"menu_order":0,"comment_status":"closed","ping_status":"closed","template":"","meta":{"ocean_post_layout":"","ocean_both_sidebars_style":"","ocean_both_sidebars_content_width":0,"ocean_both_sidebars_sidebars_width":0,"ocean_sidebar":"0","ocean_second_sidebar":"0","ocean_disable_margins":"enable","ocean_add_body_class":"","ocean_shortcode_before_top_bar":"","ocean_shortcode_after_top_bar":"","ocean_shortcode_before_header":"","ocean_shortcode_after_header":"","ocean_has_shortcode":"","ocean_shortcode_after_title":"","ocean_shortcode_before_footer_widgets":"","ocean_shortcode_after_footer_widgets":"","ocean_shortcode_before_footer_bottom":"","ocean_shortcode_after_footer_bottom":"","ocean_display_top_bar":"default","ocean_display_header":"default","ocean_header_style":"","ocean_center_header_left_menu":"0","ocean_custom_header_template":"0","ocean_custom_logo":0,"ocean_custom_retina_logo":0,"ocean_custom_logo_max_width":0,"ocean_custom_logo_tablet_max_width":0,"ocean_custom_logo_mobile_max_width":0,"ocean_custom_logo_max_height":0,"ocean_custom_logo_tablet_max_height":0,"ocean_custom_logo_mobile_max_height":0,"ocean_header_custom_menu":"0","ocean_menu_typo_font_family":"0","ocean_menu_typo_font_subset":"","ocean_menu_typo_font_size":0,"ocean_menu_typo_font_size_tablet":0,"ocean_menu_typo_font_size_mobile":0,"ocean_menu_typo_font_size_unit":"px","ocean_menu_typo_font_weight":"","ocean_menu_typo_font_weight_tablet":"","ocean_menu_typo_font_weight_mobile":"","ocean_menu_typo_transform":"","ocean_menu_typo_transform_tablet":"","ocean_menu_typo_transform_mobile":"","ocean_menu_typo_line_height":0,"ocean_menu_typo_line_height_tablet":0,"ocean_menu_typo_line_height_mobile":0,"ocean_menu_typo_line_height_unit":"","ocean_menu_typo_spacing":0,"ocean_menu_typo_spacing_tablet":0,"ocean_menu_typo_spacing_mobile":0,"ocean_menu_typo_spacing_unit":"","ocean_menu_link_color":"","ocean_menu_link_color_hover":"","ocean_menu_link_color_active":"","ocean_menu_link_background":"","ocean_menu_link_hover_background":"","ocean_menu_link_active_background":"","ocean_menu_social_links_bg":"","ocean_menu_social_hover_links_bg":"","ocean_menu_social_links_color":"","ocean_menu_social_hover_links_color":"","ocean_disable_title":"on","ocean_disable_heading":"default","ocean_post_title":"","ocean_post_subheading":"","ocean_post_title_style":"","ocean_post_title_background_color":"","ocean_post_title_background":0,"ocean_post_title_bg_image_position":"","ocean_post_title_bg_image_attachment":"","ocean_post_title_bg_image_repeat":"","ocean_post_title_bg_image_size":"","ocean_post_title_height":0,"ocean_post_title_bg_overlay":0.5,"ocean_post_title_bg_overlay_color":"","ocean_disable_breadcrumbs":"default","ocean_breadcrumbs_color":"","ocean_breadcrumbs_separator_color":"","ocean_breadcrumbs_links_color":"","ocean_breadcrumbs_links_hover_color":"","ocean_display_footer_widgets":"default","ocean_display_footer_bottom":"default","ocean_custom_footer_template":"0","footnotes":""},"class_list":["post-16","page","type-page","status-publish","hentry","entry"],"yoast_head":"<!-- This site is optimized with the Yoast SEO plugin v23.7 - https:\/\/yoast.com\/wordpress\/plugins\/seo\/ -->\n<title>Mentions l\u00e9gales - Expertise CRG<\/title>\n<meta name=\"robots\" content=\"index, follow, max-snippet:-1, max-image-preview:large, max-video-preview:-1\" \/>\n<link rel=\"canonical\" href=\"https:\/\/expertisecrg.fr\/index.php\/mentions-legales\/\" \/>\n<meta property=\"og:locale\" content=\"fr_FR\" \/>\n<meta property=\"og:type\" content=\"article\" \/>\n<meta property=\"og:title\" content=\"Mentions l\u00e9gales - Expertise CRG\" \/>\n<meta property=\"og:description\" content=\"MENTIONS LEGALES Conform\u00e9ment aux dispositions des articles 6-III et 19 de la Loi num\u00e9ro 2004-575 du 21 juin 2004 pour la Confiance dans l&rsquo;\u00e9conomie num\u00e9rique, dite L.C.E.N., nous portons \u00e0 la connaissance des visiteurs du site internet : expertisecrg.frCes infos qui suivent : \u00a0 1. Bulletin l\u00e9gales : Le site web expertisecrg.fr est la propri\u00e9t\u00e9 [&hellip;]\" \/>\n<meta property=\"og:url\" content=\"https:\/\/expertisecrg.fr\/index.php\/mentions-legales\/\" \/>\n<meta property=\"og:site_name\" content=\"Expertise CRG\" \/>\n<meta property=\"article:modified_time\" content=\"2023-04-06T10:03:18+00:00\" \/>\n<meta name=\"twitter:card\" content=\"summary_large_image\" \/>\n<meta name=\"twitter:label1\" content=\"Dur\u00e9e de lecture estim\u00e9e\" \/>\n\t<meta name=\"twitter:data1\" content=\"6 minutes\" \/>\n<script type=\"application\/ld+json\" class=\"yoast-schema-graph\">{\"@context\":\"https:\/\/schema.org\",\"@graph\":[{\"@type\":\"WebPage\",\"@id\":\"https:\/\/expertisecrg.fr\/index.php\/mentions-legales\/\",\"url\":\"https:\/\/expertisecrg.fr\/index.php\/mentions-legales\/\",\"name\":\"Mentions l\u00e9gales - Expertise CRG\",\"isPartOf\":{\"@id\":\"https:\/\/expertisecrg.fr\/#website\"},\"datePublished\":\"2023-04-05T08:25:48+00:00\",\"dateModified\":\"2023-04-06T10:03:18+00:00\",\"breadcrumb\":{\"@id\":\"https:\/\/expertisecrg.fr\/index.php\/mentions-legales\/#breadcrumb\"},\"inLanguage\":\"fr-FR\",\"potentialAction\":[{\"@type\":\"ReadAction\",\"target\":[\"https:\/\/expertisecrg.fr\/index.php\/mentions-legales\/\"]}]},{\"@type\":\"BreadcrumbList\",\"@id\":\"https:\/\/expertisecrg.fr\/index.php\/mentions-legales\/#breadcrumb\",\"itemListElement\":[{\"@type\":\"ListItem\",\"position\":1,\"name\":\"Accueil\",\"item\":\"https:\/\/expertisecrg.fr\/\"},{\"@type\":\"ListItem\",\"position\":2,\"name\":\"Mentions l\u00e9gales\"}]},{\"@type\":\"WebSite\",\"@id\":\"https:\/\/expertisecrg.fr\/#website\",\"url\":\"https:\/\/expertisecrg.fr\/\",\"name\":\"Expertise CRG\",\"description\":\"Comptabilit\u00e9 Revision Gestion\",\"publisher\":{\"@id\":\"https:\/\/expertisecrg.fr\/#organization\"},\"potentialAction\":[{\"@type\":\"SearchAction\",\"target\":{\"@type\":\"EntryPoint\",\"urlTemplate\":\"https:\/\/expertisecrg.fr\/?s={search_term_string}\"},\"query-input\":{\"@type\":\"PropertyValueSpecification\",\"valueRequired\":true,\"valueName\":\"search_term_string\"}}],\"inLanguage\":\"fr-FR\"},{\"@type\":\"Organization\",\"@id\":\"https:\/\/expertisecrg.fr\/#organization\",\"name\":\"Expertise CRG\",\"url\":\"https:\/\/expertisecrg.fr\/\",\"logo\":{\"@type\":\"ImageObject\",\"inLanguage\":\"fr-FR\",\"@id\":\"https:\/\/expertisecrg.fr\/#\/schema\/logo\/image\/\",\"url\":\"https:\/\/expertisecrg.fr\/wp-content\/uploads\/2023\/04\/logo.png\",\"contentUrl\":\"https:\/\/expertisecrg.fr\/wp-content\/uploads\/2023\/04\/logo.png\",\"width\":149,\"height\":44,\"caption\":\"Expertise CRG\"},\"image\":{\"@id\":\"https:\/\/expertisecrg.fr\/#\/schema\/logo\/image\/\"}}]}<\/script>\n<!-- \/ Yoast SEO plugin. -->","yoast_head_json":{"title":"Mentions l\u00e9gales - Expertise CRG","robots":{"index":"index","follow":"follow","max-snippet":"max-snippet:-1","max-image-preview":"max-image-preview:large","max-video-preview":"max-video-preview:-1"},"canonical":"https:\/\/expertisecrg.fr\/index.php\/mentions-legales\/","og_locale":"fr_FR","og_type":"article","og_title":"Mentions l\u00e9gales - Expertise CRG","og_description":"MENTIONS LEGALES Conform\u00e9ment aux dispositions des articles 6-III et 19 de la Loi num\u00e9ro 2004-575 du 21 juin 2004 pour la Confiance dans l&rsquo;\u00e9conomie num\u00e9rique, dite L.C.E.N., nous portons \u00e0 la connaissance des visiteurs du site internet : expertisecrg.frCes infos qui suivent : \u00a0 1. Bulletin l\u00e9gales : Le site web expertisecrg.fr est la propri\u00e9t\u00e9 [&hellip;]","og_url":"https:\/\/expertisecrg.fr\/index.php\/mentions-legales\/","og_site_name":"Expertise CRG","article_modified_time":"2023-04-06T10:03:18+00:00","twitter_card":"summary_large_image","twitter_misc":{"Dur\u00e9e de lecture estim\u00e9e":"6 minutes"},"schema":{"@context":"https:\/\/schema.org","@graph":[{"@type":"WebPage","@id":"https:\/\/expertisecrg.fr\/index.php\/mentions-legales\/","url":"https:\/\/expertisecrg.fr\/index.php\/mentions-legales\/","name":"Mentions l\u00e9gales - Expertise CRG","isPartOf":{"@id":"https:\/\/expertisecrg.fr\/#website"},"datePublished":"2023-04-05T08:25:48+00:00","dateModified":"2023-04-06T10:03:18+00:00","breadcrumb":{"@id":"https:\/\/expertisecrg.fr\/index.php\/mentions-legales\/#breadcrumb"},"inLanguage":"fr-FR","potentialAction":[{"@type":"ReadAction","target":["https:\/\/expertisecrg.fr\/index.php\/mentions-legales\/"]}]},{"@type":"BreadcrumbList","@id":"https:\/\/expertisecrg.fr\/index.php\/mentions-legales\/#breadcrumb","itemListElement":[{"@type":"ListItem","position":1,"name":"Accueil","item":"https:\/\/expertisecrg.fr\/"},{"@type":"ListItem","position":2,"name":"Mentions l\u00e9gales"}]},{"@type":"WebSite","@id":"https:\/\/expertisecrg.fr\/#website","url":"https:\/\/expertisecrg.fr\/","name":"Expertise CRG","description":"Comptabilit\u00e9 Revision Gestion","publisher":{"@id":"https:\/\/expertisecrg.fr\/#organization"},"potentialAction":[{"@type":"SearchAction","target":{"@type":"EntryPoint","urlTemplate":"https:\/\/expertisecrg.fr\/?s={search_term_string}"},"query-input":{"@type":"PropertyValueSpecification","valueRequired":true,"valueName":"search_term_string"}}],"inLanguage":"fr-FR"},{"@type":"Organization","@id":"https:\/\/expertisecrg.fr\/#organization","name":"Expertise CRG","url":"https:\/\/expertisecrg.fr\/","logo":{"@type":"ImageObject","inLanguage":"fr-FR","@id":"https:\/\/expertisecrg.fr\/#\/schema\/logo\/image\/","url":"https:\/\/expertisecrg.fr\/wp-content\/uploads\/2023\/04\/logo.png","contentUrl":"https:\/\/expertisecrg.fr\/wp-content\/uploads\/2023\/04\/logo.png","width":149,"height":44,"caption":"Expertise CRG"},"image":{"@id":"https:\/\/expertisecrg.fr\/#\/schema\/logo\/image\/"}}]}},"_links":{"self":[{"href":"https:\/\/expertisecrg.fr\/index.php\/wp-json\/wp\/v2\/pages\/16","targetHints":{"allow":["GET"]}}],"collection":[{"href":"https:\/\/expertisecrg.fr\/index.php\/wp-json\/wp\/v2\/pages"}],"about":[{"href":"https:\/\/expertisecrg.fr\/index.php\/wp-json\/wp\/v2\/types\/page"}],"author":[{"embeddable":true,"href":"https:\/\/expertisecrg.fr\/index.php\/wp-json\/wp\/v2\/users\/1"}],"replies":[{"embeddable":true,"href":"https:\/\/expertisecrg.fr\/index.php\/wp-json\/wp\/v2\/comments?post=16"}],"version-history":[{"count":16,"href":"https:\/\/expertisecrg.fr\/index.php\/wp-json\/wp\/v2\/pages\/16\/revisions"}],"predecessor-version":[{"id":152,"href":"https:\/\/expertisecrg.fr\/index.php\/wp-json\/wp\/v2\/pages\/16\/revisions\/152"}],"wp:attachment":[{"href":"https:\/\/expertisecrg.fr\/index.php\/wp-json\/wp\/v2\/media?parent=16"}],"curies":[{"name":"wp","href":"https:\/\/api.w.org\/{rel}","templated":true}]}}